{"id":7182,"date":"2023-01-26T07:44:45","date_gmt":"2023-01-26T07:44:45","guid":{"rendered":"http:\/\/www.yildizendustri.com.tr\/?page_id=7182"},"modified":"2024-05-23T06:05:39","modified_gmt":"2024-05-23T06:05:39","slug":"otr-36-57-lastik-teli-cekme-makinesi","status":"publish","type":"page","link":"http:\/\/www.yildizendustri.com.tr\/?page_id=7182","title":{"rendered":"Y\u0131ld\u0131z OTR 36\u201d- 57\u201d Lastik Teli \u00c7ekme Makinas\u0131"},"content":{"rendered":"\t\t<div data-elementor-type=\"wp-page\" data-elementor-id=\"7182\" class=\"elementor elementor-7182\">\n\t\t\t\t\t\t<section class=\"elementor-section elementor-top-section elementor-element elementor-element-fbd5a4e elementor-section-height-min-height elementor-section-boxed elementor-section-height-default elementor-section-items-middle\" data-id=\"fbd5a4e\" data-element_type=\"section\" data-settings=\"{&quot;background_background&quot;:&quot;classic&quot;}\">\n\t\t\t\t\t\t\t<div class=\"elementor-background-overlay\"><\/div>\n\t\t\t\t\t\t\t<div class=\"elementor-container elementor-column-gap-wide\">\n\t\t\t\t\t<div class=\"elementor-column elementor-col-100 elementor-top-column elementor-element elementor-element-4d7cdb4\" data-id=\"4d7cdb4\" data-element_type=\"column\">\n\t\t\t<div class=\"elementor-widget-wrap elementor-element-populated\">\n\t\t\t\t\t\t<div class=\"elementor-element elementor-element-f249a76 elementor-widget elementor-widget-text-editor\" data-id=\"f249a76\" data-element_type=\"widget\" data-widget_type=\"text-editor.default\">\n\t\t\t\t<div class=\"elementor-widget-container\">\n\t\t\t\t\t\t\t\t\t<p><span style=\"color: #e4eaed; font-size: 24pt; font-family: impact, sans-serif;\">OTR LAST\u0130K TEL\u0130 \u00c7EKME MAK\u0130NES\u0130<\/span><\/p>\t\t\t\t\t\t\t\t<\/div>\n\t\t\t\t<\/div>\n\t\t\t\t\t<\/div>\n\t\t<\/div>\n\t\t\t\t\t<\/div>\n\t\t<\/section>\n\t\t\t\t<section class=\"elementor-section elementor-top-section elementor-element elementor-element-ebea0c7 elementor-section-stretched elementor-section-boxed elementor-section-height-default elementor-section-height-default elementor-invisible\" data-id=\"ebea0c7\" data-element_type=\"section\" data-settings=\"{&quot;animation&quot;:&quot;fadeInUp&quot;,&quot;stretch_section&quot;:&quot;section-stretched&quot;}\">\n\t\t\t\t\t\t<div class=\"elementor-container elementor-column-gap-default\">\n\t\t\t\t\t<div class=\"elementor-column elementor-col-100 elementor-top-column elementor-element elementor-element-f3a49d9\" data-id=\"f3a49d9\" data-element_type=\"column\">\n\t\t\t<div class=\"elementor-widget-wrap elementor-element-populated\">\n\t\t\t\t\t\t<div class=\"elementor-element elementor-element-d3e034b elementor-widget elementor-widget-image\" data-id=\"d3e034b\" data-element_type=\"widget\" data-widget_type=\"image.default\">\n\t\t\t\t<div class=\"elementor-widget-container\">\n\t\t\t\t\t\t\t\t\t\t\t\t\t\t\t<img fetchpriority=\"high\" decoding=\"async\" width=\"1000\" height=\"373\" src=\"http:\/\/www.yildizendustri.com.tr\/wp-content\/uploads\/2023\/01\/18-3636-57-OTR.png\" class=\"attachment-large size-large wp-image-7188\" alt=\"\" srcset=\"http:\/\/www.yildizendustri.com.tr\/wp-content\/uploads\/2023\/01\/18-3636-57-OTR.png 1000w, http:\/\/www.yildizendustri.com.tr\/wp-content\/uploads\/2023\/01\/18-3636-57-OTR-300x112.png 300w, http:\/\/www.yildizendustri.com.tr\/wp-content\/uploads\/2023\/01\/18-3636-57-OTR-768x286.png 768w\" sizes=\"(max-width: 1000px) 100vw, 1000px\" \/>\t\t\t\t\t\t\t\t\t\t\t\t\t\t\t<\/div>\n\t\t\t\t<\/div>\n\t\t\t\t\t<\/div>\n\t\t<\/div>\n\t\t\t\t\t<\/div>\n\t\t<\/section>\n\t\t\t\t<section class=\"elementor-section elementor-top-section elementor-element elementor-element-8a066bd elementor-section-boxed elementor-section-height-default elementor-section-height-default\" data-id=\"8a066bd\" data-element_type=\"section\">\n\t\t\t\t\t\t<div class=\"elementor-container elementor-column-gap-default\">\n\t\t\t\t\t<div class=\"elementor-column elementor-col-100 elementor-top-column elementor-element elementor-element-1b89850\" data-id=\"1b89850\" data-element_type=\"column\">\n\t\t\t<div class=\"elementor-widget-wrap elementor-element-populated\">\n\t\t\t\t\t\t<div class=\"elementor-element elementor-element-51139b2 elementor-widget elementor-widget-text-editor\" data-id=\"51139b2\" data-element_type=\"widget\" data-widget_type=\"text-editor.default\">\n\t\t\t\t<div class=\"elementor-widget-container\">\n\t\t\t\t\t\t\t\t\t<p><strong><span style=\"font-family: arial, helvetica, sans-serif; font-size: 18pt;\"><span style=\"font-family: 'arial black', sans-serif;\">YILDIZ OTR<\/span> <br><span style=\"font-family: 'arial black', sans-serif; font-size: 14pt;\">(18\u201d 36\u201d) &amp; (36\u201d 57\u201d) Serisi LAST\u0130K TEL\u0130 \u00c7EKME MAK\u0130NES\u0130<\/span><br><\/span><\/strong><\/p>\t\t\t\t\t\t\t\t<\/div>\n\t\t\t\t<\/div>\n\t\t\t\t<div class=\"elementor-element elementor-element-7de2668 elementor-widget elementor-widget-text-editor\" data-id=\"7de2668\" data-element_type=\"widget\" data-widget_type=\"text-editor.default\">\n\t\t\t\t<div class=\"elementor-widget-container\">\n\t\t\t\t\t\t\t\t\t<p style=\"text-align: justify;\"><span style=\"font-family: tahoma, arial, helvetica, sans-serif;\">OTR Topuk teli \u00e7ekme i\u015flemi, \u00e7elik halkan\u0131n kamyon lastiklerinden mekanik olarak \u00e7\u0131kar\u0131lmas\u0131d\u0131r. Farkl\u0131 \u00f6l\u00e7\u00fclerdeki lastikler i\u00e7in makinenin y\u00fckseklik ayar\u0131 yap\u0131labilir. \u0130\u015f g\u00fcvenli\u011fi bariyeri ile g\u00fcvenli operasyon.<\/span><\/p>\t\t\t\t\t\t\t\t<\/div>\n\t\t\t\t<\/div>\n\t\t\t\t<div class=\"elementor-element elementor-element-6d4873f animated-slow elementor-invisible elementor-widget elementor-widget-image\" data-id=\"6d4873f\" data-element_type=\"widget\" data-settings=\"{&quot;_animation&quot;:&quot;slideInLeft&quot;}\" data-widget_type=\"image.default\">\n\t\t\t\t<div class=\"elementor-widget-container\">\n\t\t\t\t\t\t\t\t\t\t\t\t\t\t\t\t<a href=\"http:\/\/www.yildizendustri.com.tr\/wp-content\/uploads\/2023\/01\/18-36-TEL-CEKME-KAPAK.pdf\" target=\"_blank\">\n\t\t\t\t\t\t\t<img decoding=\"async\" width=\"150\" height=\"150\" src=\"http:\/\/www.yildizendustri.com.tr\/wp-content\/uploads\/2023\/01\/ddsdd-150x150.webp\" class=\"elementor-animation-push attachment-thumbnail size-thumbnail wp-image-7081\" alt=\"\" srcset=\"http:\/\/www.yildizendustri.com.tr\/wp-content\/uploads\/2023\/01\/ddsdd-150x150.webp 150w, http:\/\/www.yildizendustri.com.tr\/wp-content\/uploads\/2023\/01\/ddsdd-300x300.webp 300w, http:\/\/www.yildizendustri.com.tr\/wp-content\/uploads\/2023\/01\/ddsdd.webp 450w\" sizes=\"(max-width: 150px) 100vw, 150px\" \/>\t\t\t\t\t\t\t\t<\/a>\n\t\t\t\t\t\t\t\t\t\t\t\t\t\t\t<\/div>\n\t\t\t\t<\/div>\n\t\t\t\t<div class=\"elementor-element elementor-element-f5aed50 animated-slow elementor-invisible elementor-widget elementor-widget-heading\" data-id=\"f5aed50\" data-element_type=\"widget\" data-settings=\"{&quot;_animation&quot;:&quot;fadeInRight&quot;}\" data-widget_type=\"heading.default\">\n\t\t\t\t<div class=\"elementor-widget-container\">\n\t\t\t\t\t<h1 class=\"elementor-heading-title elementor-size-default\">\u00dcr\u00fcn Katalo\u011fu<\/h1>\t\t\t\t<\/div>\n\t\t\t\t<\/div>\n\t\t\t\t\t<\/div>\n\t\t<\/div>\n\t\t\t\t\t<\/div>\n\t\t<\/section>\n\t\t\t\t<section class=\"elementor-section elementor-top-section elementor-element elementor-element-5d0fc85 elementor-section-full_width animated-slow elementor-section-height-default elementor-section-height-default elementor-invisible\" data-id=\"5d0fc85\" data-element_type=\"section\" data-settings=\"{&quot;animation&quot;:&quot;zoomInUp&quot;}\">\n\t\t\t\t\t\t<div class=\"elementor-container elementor-column-gap-default\">\n\t\t\t\t\t<div class=\"elementor-column elementor-col-100 elementor-top-column elementor-element elementor-element-76310ff\" data-id=\"76310ff\" data-element_type=\"column\">\n\t\t\t<div class=\"elementor-widget-wrap elementor-element-populated\">\n\t\t\t\t\t\t<div class=\"elementor-element elementor-element-49ce47b elementor-widget elementor-widget-image\" data-id=\"49ce47b\" data-element_type=\"widget\" data-widget_type=\"image.default\">\n\t\t\t\t<div class=\"elementor-widget-container\">\n\t\t\t\t\t\t\t\t\t\t\t\t\t\t\t<img decoding=\"async\" width=\"1024\" height=\"115\" src=\"http:\/\/www.yildizendustri.com.tr\/wp-content\/uploads\/2023\/01\/ara-bosluk-logo-1024x115.png\" class=\"attachment-large size-large wp-image-6994\" alt=\"\" srcset=\"http:\/\/www.yildizendustri.com.tr\/wp-content\/uploads\/2023\/01\/ara-bosluk-logo-1024x115.png 1024w, http:\/\/www.yildizendustri.com.tr\/wp-content\/uploads\/2023\/01\/ara-bosluk-logo-300x34.png 300w, http:\/\/www.yildizendustri.com.tr\/wp-content\/uploads\/2023\/01\/ara-bosluk-logo-768x86.png 768w, http:\/\/www.yildizendustri.com.tr\/wp-content\/uploads\/2023\/01\/ara-bosluk-logo-1536x172.png 1536w, http:\/\/www.yildizendustri.com.tr\/wp-content\/uploads\/2023\/01\/ara-bosluk-logo.png 1636w\" sizes=\"(max-width: 1024px) 100vw, 1024px\" \/>\t\t\t\t\t\t\t\t\t\t\t\t\t\t\t<\/div>\n\t\t\t\t<\/div>\n\t\t\t\t\t<\/div>\n\t\t<\/div>\n\t\t\t\t\t<\/div>\n\t\t<\/section>\n\t\t\t\t<section class=\"elementor-section elementor-top-section elementor-element elementor-element-379e8f1 animated-slow elementor-section-boxed elementor-section-height-default elementor-section-height-default elementor-invisible\" data-id=\"379e8f1\" data-element_type=\"section\" data-settings=\"{&quot;animation&quot;:&quot;fadeInUp&quot;}\">\n\t\t\t\t\t\t<div class=\"elementor-container elementor-column-gap-default\">\n\t\t\t\t\t<div class=\"elementor-column elementor-col-100 elementor-top-column elementor-element elementor-element-461b85d\" data-id=\"461b85d\" data-element_type=\"column\">\n\t\t\t<div class=\"elementor-widget-wrap elementor-element-populated\">\n\t\t\t\t\t\t<div class=\"elementor-element elementor-element-f786177 elementor-widget elementor-widget-image\" data-id=\"f786177\" data-element_type=\"widget\" data-widget_type=\"image.default\">\n\t\t\t\t<div class=\"elementor-widget-container\">\n\t\t\t\t\t\t\t\t\t\t\t\t\t\t\t<img loading=\"lazy\" decoding=\"async\" width=\"1024\" height=\"284\" src=\"http:\/\/www.yildizendustri.com.tr\/wp-content\/uploads\/2023\/01\/18-3636-57-OTR-lastik-teli-cekme-makinesi-1024x284.png\" class=\"attachment-large size-large wp-image-7202\" alt=\"\" srcset=\"http:\/\/www.yildizendustri.com.tr\/wp-content\/uploads\/2023\/01\/18-3636-57-OTR-lastik-teli-cekme-makinesi-1024x284.png 1024w, http:\/\/www.yildizendustri.com.tr\/wp-content\/uploads\/2023\/01\/18-3636-57-OTR-lastik-teli-cekme-makinesi-300x83.png 300w, http:\/\/www.yildizendustri.com.tr\/wp-content\/uploads\/2023\/01\/18-3636-57-OTR-lastik-teli-cekme-makinesi-768x213.png 768w, http:\/\/www.yildizendustri.com.tr\/wp-content\/uploads\/2023\/01\/18-3636-57-OTR-lastik-teli-cekme-makinesi-1536x426.png 1536w, http:\/\/www.yildizendustri.com.tr\/wp-content\/uploads\/2023\/01\/18-3636-57-OTR-lastik-teli-cekme-makinesi.png 1700w\" sizes=\"(max-width: 1024px) 100vw, 1024px\" \/>\t\t\t\t\t\t\t\t\t\t\t\t\t\t\t<\/div>\n\t\t\t\t<\/div>\n\t\t\t\t\t<\/div>\n\t\t<\/div>\n\t\t\t\t\t<\/div>\n\t\t<\/section>\n\t\t\t\t<section class=\"elementor-section elementor-top-section elementor-element elementor-element-032c629 elementor-section-full_width animated-slow elementor-section-height-default elementor-section-height-default elementor-invisible\" data-id=\"032c629\" data-element_type=\"section\" data-settings=\"{&quot;animation&quot;:&quot;zoomInUp&quot;}\">\n\t\t\t\t\t\t<div class=\"elementor-container elementor-column-gap-default\">\n\t\t\t\t\t<div class=\"elementor-column elementor-col-100 elementor-top-column elementor-element elementor-element-222cc41\" data-id=\"222cc41\" data-element_type=\"column\">\n\t\t\t<div class=\"elementor-widget-wrap elementor-element-populated\">\n\t\t\t\t\t\t<div class=\"elementor-element elementor-element-d87bc9d elementor-widget elementor-widget-image\" data-id=\"d87bc9d\" data-element_type=\"widget\" data-widget_type=\"image.default\">\n\t\t\t\t<div class=\"elementor-widget-container\">\n\t\t\t\t\t\t\t\t\t\t\t\t\t\t\t<img decoding=\"async\" width=\"1024\" height=\"115\" src=\"http:\/\/www.yildizendustri.com.tr\/wp-content\/uploads\/2023\/01\/ara-bosluk-logo-1024x115.png\" class=\"attachment-large size-large wp-image-6994\" alt=\"\" srcset=\"http:\/\/www.yildizendustri.com.tr\/wp-content\/uploads\/2023\/01\/ara-bosluk-logo-1024x115.png 1024w, http:\/\/www.yildizendustri.com.tr\/wp-content\/uploads\/2023\/01\/ara-bosluk-logo-300x34.png 300w, http:\/\/www.yildizendustri.com.tr\/wp-content\/uploads\/2023\/01\/ara-bosluk-logo-768x86.png 768w, http:\/\/www.yildizendustri.com.tr\/wp-content\/uploads\/2023\/01\/ara-bosluk-logo-1536x172.png 1536w, http:\/\/www.yildizendustri.com.tr\/wp-content\/uploads\/2023\/01\/ara-bosluk-logo.png 1636w\" sizes=\"(max-width: 1024px) 100vw, 1024px\" \/>\t\t\t\t\t\t\t\t\t\t\t\t\t\t\t<\/div>\n\t\t\t\t<\/div>\n\t\t\t\t\t<\/div>\n\t\t<\/div>\n\t\t\t\t\t<\/div>\n\t\t<\/section>\n\t\t\t\t<section class=\"elementor-section elementor-top-section elementor-element elementor-element-cbed0fa animated-slow elementor-section-boxed elementor-section-height-default elementor-section-height-default elementor-invisible\" data-id=\"cbed0fa\" data-element_type=\"section\" data-settings=\"{&quot;shape_divider_bottom&quot;:&quot;tilt&quot;,&quot;animation&quot;:&quot;bounceInUp&quot;}\">\n\t\t\t\t\t<div class=\"elementor-shape elementor-shape-bottom\" aria-hidden=\"true\" data-negative=\"false\">\n\t\t\t<svg xmlns=\"http:\/\/www.w3.org\/2000\/svg\" viewBox=\"0 0 1000 100\" preserveAspectRatio=\"none\">\n\t<path class=\"elementor-shape-fill\" d=\"M0,6V0h1000v100L0,6z\"\/>\n<\/svg>\t\t<\/div>\n\t\t\t\t\t<div class=\"elementor-container elementor-column-gap-default\">\n\t\t\t\t\t<div class=\"elementor-column elementor-col-50 elementor-top-column elementor-element elementor-element-0369989 elementor-invisible\" data-id=\"0369989\" data-element_type=\"column\" data-settings=\"{&quot;animation&quot;:&quot;fadeInLeft&quot;}\">\n\t\t\t<div class=\"elementor-widget-wrap elementor-element-populated\">\n\t\t\t\t\t\t<div class=\"elementor-element elementor-element-7eaedfc elementor-widget elementor-widget-image\" data-id=\"7eaedfc\" data-element_type=\"widget\" data-widget_type=\"image.default\">\n\t\t\t\t<div class=\"elementor-widget-container\">\n\t\t\t\t\t\t\t\t\t\t\t\t\t\t\t<img loading=\"lazy\" decoding=\"async\" width=\"936\" height=\"1024\" src=\"http:\/\/www.yildizendustri.com.tr\/wp-content\/uploads\/2023\/01\/18-36-OTR-lastik-teli-cekme-makinesi-936x1024.png\" class=\"attachment-large size-large wp-image-7204\" alt=\"\" srcset=\"http:\/\/www.yildizendustri.com.tr\/wp-content\/uploads\/2023\/01\/18-36-OTR-lastik-teli-cekme-makinesi-936x1024.png 936w, http:\/\/www.yildizendustri.com.tr\/wp-content\/uploads\/2023\/01\/18-36-OTR-lastik-teli-cekme-makinesi-274x300.png 274w, http:\/\/www.yildizendustri.com.tr\/wp-content\/uploads\/2023\/01\/18-36-OTR-lastik-teli-cekme-makinesi-768x840.png 768w, http:\/\/www.yildizendustri.com.tr\/wp-content\/uploads\/2023\/01\/18-36-OTR-lastik-teli-cekme-makinesi.png 1126w\" sizes=\"(max-width: 936px) 100vw, 936px\" \/>\t\t\t\t\t\t\t\t\t\t\t\t\t\t\t<\/div>\n\t\t\t\t<\/div>\n\t\t\t\t\t<\/div>\n\t\t<\/div>\n\t\t\t\t<div class=\"elementor-column elementor-col-50 elementor-top-column elementor-element elementor-element-a52bf27 elementor-invisible\" data-id=\"a52bf27\" data-element_type=\"column\" data-settings=\"{&quot;animation&quot;:&quot;fadeInRight&quot;}\">\n\t\t\t<div class=\"elementor-widget-wrap elementor-element-populated\">\n\t\t\t\t\t\t<div class=\"elementor-element elementor-element-3515792 elementor-widget elementor-widget-image\" data-id=\"3515792\" data-element_type=\"widget\" data-widget_type=\"image.default\">\n\t\t\t\t<div class=\"elementor-widget-container\">\n\t\t\t\t\t\t\t\t\t\t\t\t\t\t\t<img loading=\"lazy\" decoding=\"async\" width=\"1024\" height=\"1016\" src=\"http:\/\/www.yildizendustri.com.tr\/wp-content\/uploads\/2023\/01\/36-57-OTR-lastik-teli-cekme-makinesi-1024x1016.png\" class=\"attachment-large size-large wp-image-7205\" alt=\"\" srcset=\"http:\/\/www.yildizendustri.com.tr\/wp-content\/uploads\/2023\/01\/36-57-OTR-lastik-teli-cekme-makinesi-1024x1016.png 1024w, http:\/\/www.yildizendustri.com.tr\/wp-content\/uploads\/2023\/01\/36-57-OTR-lastik-teli-cekme-makinesi-300x298.png 300w, http:\/\/www.yildizendustri.com.tr\/wp-content\/uploads\/2023\/01\/36-57-OTR-lastik-teli-cekme-makinesi-150x150.png 150w, http:\/\/www.yildizendustri.com.tr\/wp-content\/uploads\/2023\/01\/36-57-OTR-lastik-teli-cekme-makinesi-768x762.png 768w, http:\/\/www.yildizendustri.com.tr\/wp-content\/uploads\/2023\/01\/36-57-OTR-lastik-teli-cekme-makinesi.png 1251w\" sizes=\"(max-width: 1024px) 100vw, 1024px\" \/>\t\t\t\t\t\t\t\t\t\t\t\t\t\t\t<\/div>\n\t\t\t\t<\/div>\n\t\t\t\t\t<\/div>\n\t\t<\/div>\n\t\t\t\t\t<\/div>\n\t\t<\/section>\n\t\t\t\t<section class=\"elementor-section elementor-top-section elementor-element elementor-element-a276d2b elementor-section-full_width elementor-section-stretched elementor-section-height-default elementor-section-height-default elementor-invisible\" data-id=\"a276d2b\" data-element_type=\"section\" data-settings=\"{&quot;stretch_section&quot;:&quot;section-stretched&quot;,&quot;animation&quot;:&quot;zoomIn&quot;,&quot;animation_delay&quot;:900}\">\n\t\t\t\t\t\t<div class=\"elementor-container elementor-column-gap-default\">\n\t\t\t\t\t<div class=\"elementor-column elementor-col-100 elementor-top-column elementor-element elementor-element-b881b34\" data-id=\"b881b34\" data-element_type=\"column\">\n\t\t\t<div class=\"elementor-widget-wrap elementor-element-populated\">\n\t\t\t\t\t\t<div class=\"elementor-element elementor-element-4e18aa9 elementor-widget-divider--separator-type-pattern elementor-widget-divider--view-line elementor-widget elementor-widget-divider\" data-id=\"4e18aa9\" data-element_type=\"widget\" data-widget_type=\"divider.default\">\n\t\t\t\t<div class=\"elementor-widget-container\">\n\t\t\t\t\t\t\t<div class=\"elementor-divider\" style=\"--divider-pattern-url: url(&quot;data:image\/svg+xml,%3Csvg xmlns=&#039;http:\/\/www.w3.org\/2000\/svg&#039; preserveAspectRatio=&#039;none&#039; overflow=&#039;visible&#039; height=&#039;100%&#039; viewBox=&#039;0 0 20 16&#039; fill=&#039;none&#039; stroke=&#039;black&#039; stroke-width=&#039;1&#039; stroke-linecap=&#039;square&#039; stroke-miterlimit=&#039;10&#039;%3E%3Cg transform=&#039;translate(-12.000000, 0)&#039;%3E%3Cpath d=&#039;M28,0L10,18&#039;\/%3E%3Cpath d=&#039;M18,0L0,18&#039;\/%3E%3Cpath d=&#039;M48,0L30,18&#039;\/%3E%3Cpath d=&#039;M38,0L20,18&#039;\/%3E%3C\/g%3E%3C\/svg%3E&quot;);\">\n\t\t\t<span class=\"elementor-divider-separator\">\n\t\t\t\t\t\t<\/span>\n\t\t<\/div>\n\t\t\t\t\t\t<\/div>\n\t\t\t\t<\/div>\n\t\t\t\t\t<\/div>\n\t\t<\/div>\n\t\t\t\t\t<\/div>\n\t\t<\/section>\n\t\t\t\t<\/div>\n\t\t","protected":false},"excerpt":{"rendered":"<p>OTR LAST\u0130K TEL\u0130 \u00c7EKME MAK\u0130NES\u0130 YILDIZ OTR (18\u201d 36\u201d) &amp; (36\u201d 57\u201d) Serisi LAST\u0130K TEL\u0130 \u00c7EKME MAK\u0130NES\u0130 OTR Topuk teli \u00e7ekme i\u015flemi, \u00e7elik halkan\u0131n kamyon lastiklerinden mekanik olarak \u00e7\u0131kar\u0131lmas\u0131d\u0131r. Farkl\u0131 \u00f6l\u00e7\u00fclerdeki lastikler i\u00e7in makinenin y\u00fckseklik ayar\u0131 yap\u0131labilir. \u0130\u015f g\u00fcvenli\u011fi bariyeri ile g\u00fcvenli operasyon. \u00dcr\u00fcn Katalo\u011fu<\/p>\n","protected":false},"author":1,"featured_media":0,"parent":0,"menu_order":0,"comment_status":"closed","ping_status":"closed","template":"elementor_header_footer","meta":{"footnotes":""},"class_list":["post-7182","page","type-page","status-publish","hentry"],"_links":{"self":[{"href":"http:\/\/www.yildizendustri.com.tr\/index.php?rest_route=\/wp\/v2\/pages\/7182","targetHints":{"allow":["GET"]}}],"collection":[{"href":"http:\/\/www.yildizendustri.com.tr\/index.php?rest_route=\/wp\/v2\/pages"}],"about":[{"href":"http:\/\/www.yildizendustri.com.tr\/index.php?rest_route=\/wp\/v2\/types\/page"}],"author":[{"embeddable":true,"href":"http:\/\/www.yildizendustri.com.tr\/index.php?rest_route=\/wp\/v2\/users\/1"}],"replies":[{"embeddable":true,"href":"http:\/\/www.yildizendustri.com.tr\/index.php?rest_route=%2Fwp%2Fv2%2Fcomments&post=7182"}],"version-history":[{"count":63,"href":"http:\/\/www.yildizendustri.com.tr\/index.php?rest_route=\/wp\/v2\/pages\/7182\/revisions"}],"predecessor-version":[{"id":10429,"href":"http:\/\/www.yildizendustri.com.tr\/index.php?rest_route=\/wp\/v2\/pages\/7182\/revisions\/10429"}],"wp:attachment":[{"href":"http:\/\/www.yildizendustri.com.tr\/index.php?rest_route=%2Fwp%2Fv2%2Fmedia&parent=7182"}],"curies":[{"name":"wp","href":"https:\/\/api.w.org\/{rel}","templated":true}]}}