{"id":7333,"date":"2023-01-26T18:35:05","date_gmt":"2023-01-26T18:35:05","guid":{"rendered":"http:\/\/www.yildizendustri.com.tr\/?page_id=7333"},"modified":"2024-05-22T08:40:48","modified_gmt":"2024-05-22T08:40:48","slug":"rasper-1200-1600","status":"publish","type":"page","link":"http:\/\/www.yildizendustri.com.tr\/?page_id=7333","title":{"rendered":"Rasper 1200-1600 Serisi A\u011f\u0131r Hizmet Tipi K\u0131rma Makinas\u0131"},"content":{"rendered":"\t\t<div data-elementor-type=\"wp-page\" data-elementor-id=\"7333\" class=\"elementor elementor-7333\">\n\t\t\t\t\t\t<section class=\"elementor-section elementor-top-section elementor-element elementor-element-fbd5a4e elementor-section-height-min-height elementor-section-boxed elementor-section-height-default elementor-section-items-middle\" data-id=\"fbd5a4e\" data-element_type=\"section\" data-settings=\"{&quot;background_background&quot;:&quot;classic&quot;}\">\n\t\t\t\t\t\t\t<div class=\"elementor-background-overlay\"><\/div>\n\t\t\t\t\t\t\t<div class=\"elementor-container elementor-column-gap-wide\">\n\t\t\t\t\t<div class=\"elementor-column elementor-col-100 elementor-top-column elementor-element elementor-element-3ff43dd\" data-id=\"3ff43dd\" data-element_type=\"column\">\n\t\t\t<div class=\"elementor-widget-wrap elementor-element-populated\">\n\t\t\t\t\t\t<div class=\"elementor-element elementor-element-360d27d animated-slow elementor-invisible elementor-widget elementor-widget-heading\" data-id=\"360d27d\" data-element_type=\"widget\" data-settings=\"{&quot;_animation&quot;:&quot;fadeInRight&quot;,&quot;motion_fx_motion_fx_scrolling&quot;:&quot;yes&quot;,&quot;motion_fx_translateY_effect&quot;:&quot;yes&quot;,&quot;motion_fx_translateY_direction&quot;:&quot;negative&quot;,&quot;motion_fx_translateY_speed&quot;:{&quot;unit&quot;:&quot;px&quot;,&quot;size&quot;:5,&quot;sizes&quot;:[]},&quot;motion_fx_translateY_affectedRange&quot;:{&quot;unit&quot;:&quot;%&quot;,&quot;size&quot;:&quot;&quot;,&quot;sizes&quot;:{&quot;start&quot;:31,&quot;end&quot;:90}},&quot;motion_fx_devices&quot;:[&quot;desktop&quot;,&quot;tablet&quot;,&quot;mobile&quot;]}\" data-widget_type=\"heading.default\">\n\t\t\t\t<div class=\"elementor-widget-container\">\n\t\t\t\t\t<h1 class=\"elementor-heading-title elementor-size-default\">RASPER RS-1200-1600 Serisi <br>\nMulti-purpose \/ Heavy Duty Machines <\/h1>\t\t\t\t<\/div>\n\t\t\t\t<\/div>\n\t\t\t\t\t<\/div>\n\t\t<\/div>\n\t\t\t\t\t<\/div>\n\t\t<\/section>\n\t\t\t\t<section class=\"elementor-section elementor-top-section elementor-element elementor-element-ebea0c7 elementor-section-stretched elementor-section-full_width elementor-section-height-default elementor-section-height-default elementor-invisible\" data-id=\"ebea0c7\" data-element_type=\"section\" data-settings=\"{&quot;animation&quot;:&quot;fadeInUp&quot;,&quot;stretch_section&quot;:&quot;section-stretched&quot;,&quot;shape_divider_bottom&quot;:&quot;triangle-asymmetrical&quot;,&quot;shape_divider_bottom_negative&quot;:&quot;yes&quot;}\">\n\t\t\t\t\t<div class=\"elementor-shape elementor-shape-bottom\" aria-hidden=\"true\" data-negative=\"true\">\n\t\t\t<svg xmlns=\"http:\/\/www.w3.org\/2000\/svg\" viewBox=\"0 0 1000 100\" preserveAspectRatio=\"none\">\n\t<path class=\"elementor-shape-fill\" d=\"M737.9,94.7L0,0v100h1000V0L737.9,94.7z\"\/>\n<\/svg>\t\t<\/div>\n\t\t\t\t\t<div class=\"elementor-container elementor-column-gap-default\">\n\t\t\t\t\t<div class=\"elementor-column elementor-col-50 elementor-top-column elementor-element elementor-element-f3a49d9\" data-id=\"f3a49d9\" data-element_type=\"column\">\n\t\t\t<div class=\"elementor-widget-wrap elementor-element-populated\">\n\t\t\t\t\t\t<div class=\"elementor-element elementor-element-d3e034b elementor-widget elementor-widget-image\" data-id=\"d3e034b\" data-element_type=\"widget\" data-widget_type=\"image.default\">\n\t\t\t\t<div class=\"elementor-widget-container\">\n\t\t\t\t\t\t\t\t\t\t\t\t\t\t\t<img fetchpriority=\"high\" decoding=\"async\" width=\"1024\" height=\"863\" src=\"http:\/\/www.yildizendustri.com.tr\/wp-content\/uploads\/2023\/01\/Rasper-1200-about-Left-1024x863.png\" class=\"attachment-large size-large wp-image-7405\" alt=\"\" srcset=\"http:\/\/www.yildizendustri.com.tr\/wp-content\/uploads\/2023\/01\/Rasper-1200-about-Left-1024x863.png 1024w, http:\/\/www.yildizendustri.com.tr\/wp-content\/uploads\/2023\/01\/Rasper-1200-about-Left-300x253.png 300w, http:\/\/www.yildizendustri.com.tr\/wp-content\/uploads\/2023\/01\/Rasper-1200-about-Left-768x648.png 768w, http:\/\/www.yildizendustri.com.tr\/wp-content\/uploads\/2023\/01\/Rasper-1200-about-Left.png 1492w\" sizes=\"(max-width: 1024px) 100vw, 1024px\" \/>\t\t\t\t\t\t\t\t\t\t\t\t\t\t\t<\/div>\n\t\t\t\t<\/div>\n\t\t\t\t\t<\/div>\n\t\t<\/div>\n\t\t\t\t<div class=\"elementor-column elementor-col-50 elementor-top-column elementor-element elementor-element-d0e1ac2\" data-id=\"d0e1ac2\" data-element_type=\"column\">\n\t\t\t<div class=\"elementor-widget-wrap elementor-element-populated\">\n\t\t\t\t\t\t<div class=\"elementor-element elementor-element-26e94a3 elementor-widget elementor-widget-text-editor\" data-id=\"26e94a3\" data-element_type=\"widget\" data-widget_type=\"text-editor.default\">\n\t\t\t\t<div class=\"elementor-widget-container\">\n\t\t\t\t\t\t\t\t\t<p><strong><span style=\"font-family: Poppins, sans-serif; font-size: 16pt; color: #000000;\">Rasper RS-1200-RS-1600 Serisi,<br>\nA\u011f\u0131r hizmet tipi k\u0131rma makinesi<\/span><\/strong><\/p>\t\t\t\t\t\t\t\t<\/div>\n\t\t\t\t<\/div>\n\t\t\t\t<div class=\"elementor-element elementor-element-29e6eff elementor-widget elementor-widget-text-editor\" data-id=\"29e6eff\" data-element_type=\"widget\" data-widget_type=\"text-editor.default\">\n\t\t\t\t<div class=\"elementor-widget-container\">\n\t\t\t\t\t\t\t\t\t<p><span style=\"font-family: Poppins, sans-serif; color: #000000;\">Y\u0131ld\u0131z Rasper 1200 a\u011f\u0131r i\u015flerde kullan\u0131lan, \u00e7ok ama\u00e7l\u0131 \u00f6\u011f\u00fct\u00fcc\u00fcd\u00fcr. A\u015f\u0131r\u0131 y\u00fck korumas\u0131 \u00e7al\u0131\u015fma verimini art\u0131r\u0131r. Basit aktar\u0131m i\u00e7in kay\u0131\u015f tahriklidir. <br \/>Ayarlanabilir b\u0131\u00e7ak a\u00e7\u0131kl\u0131\u011f\u0131, kesme i\u015flevini optimize eder. \u00a0&#8220;D\u00fcz yatakl\u0131&#8221; yerle\u015fim b\u0131\u00e7ak \u00f6mr\u00fcn\u00fc uzat\u0131r, bak\u0131m onar\u0131m maliyetlerinden tasarruf sa\u011flar. B\u0131\u00e7ak ve elek de\u011fi\u015fim s\u00fcresini minimize edecek \u015fekilde tasarlanm\u0131\u015ft\u0131r.<\/span><\/p>\t\t\t\t\t\t\t\t<\/div>\n\t\t\t\t<\/div>\n\t\t\t\t<div class=\"elementor-element elementor-element-7f7bf51 animated-slow elementor-invisible elementor-widget elementor-widget-image\" data-id=\"7f7bf51\" data-element_type=\"widget\" data-settings=\"{&quot;_animation&quot;:&quot;slideInLeft&quot;}\" data-widget_type=\"image.default\">\n\t\t\t\t<div class=\"elementor-widget-container\">\n\t\t\t\t\t\t\t\t\t\t\t\t\t\t\t\t<a href=\"http:\/\/www.yildizendustri.com.tr\/wp-content\/uploads\/2023\/01\/Rasper-1200.pdf\" target=\"_blank\">\n\t\t\t\t\t\t\t<img decoding=\"async\" width=\"150\" height=\"150\" src=\"http:\/\/www.yildizendustri.com.tr\/wp-content\/uploads\/2023\/01\/ddsdd-150x150.webp\" class=\"elementor-animation-push attachment-thumbnail size-thumbnail wp-image-7081\" alt=\"\" srcset=\"http:\/\/www.yildizendustri.com.tr\/wp-content\/uploads\/2023\/01\/ddsdd-150x150.webp 150w, http:\/\/www.yildizendustri.com.tr\/wp-content\/uploads\/2023\/01\/ddsdd-300x300.webp 300w, http:\/\/www.yildizendustri.com.tr\/wp-content\/uploads\/2023\/01\/ddsdd.webp 450w\" sizes=\"(max-width: 150px) 100vw, 150px\" \/>\t\t\t\t\t\t\t\t<\/a>\n\t\t\t\t\t\t\t\t\t\t\t\t\t\t\t<\/div>\n\t\t\t\t<\/div>\n\t\t\t\t<section class=\"elementor-section elementor-inner-section elementor-element elementor-element-c826bc5 elementor-section-boxed elementor-section-height-default elementor-section-height-default\" data-id=\"c826bc5\" data-element_type=\"section\">\n\t\t\t\t\t\t<div class=\"elementor-container elementor-column-gap-default\">\n\t\t\t\t\t<div class=\"elementor-column elementor-col-100 elementor-inner-column elementor-element elementor-element-16a9e09\" data-id=\"16a9e09\" data-element_type=\"column\">\n\t\t\t<div class=\"elementor-widget-wrap elementor-element-populated\">\n\t\t\t\t\t\t<div class=\"elementor-element elementor-element-d4db5ec animated-slow elementor-invisible elementor-widget elementor-widget-heading\" data-id=\"d4db5ec\" data-element_type=\"widget\" data-settings=\"{&quot;_animation&quot;:&quot;fadeInLeft&quot;}\" data-widget_type=\"heading.default\">\n\t\t\t\t<div class=\"elementor-widget-container\">\n\t\t\t\t\t<h1 class=\"elementor-heading-title elementor-size-default\">\u00dcr\u00fcn Katalo\u011fu<\/h1>\t\t\t\t<\/div>\n\t\t\t\t<\/div>\n\t\t\t\t\t<\/div>\n\t\t<\/div>\n\t\t\t\t\t<\/div>\n\t\t<\/section>\n\t\t\t\t\t<\/div>\n\t\t<\/div>\n\t\t\t\t\t<\/div>\n\t\t<\/section>\n\t\t\t\t<section class=\"elementor-section elementor-top-section elementor-element elementor-element-379e8f1 animated-slow elementor-section-boxed elementor-section-height-default elementor-section-height-default elementor-invisible\" data-id=\"379e8f1\" data-element_type=\"section\" data-settings=\"{&quot;animation&quot;:&quot;fadeInUp&quot;}\">\n\t\t\t\t\t\t<div class=\"elementor-container elementor-column-gap-default\">\n\t\t\t\t\t<div class=\"elementor-column elementor-col-100 elementor-top-column elementor-element elementor-element-461b85d\" data-id=\"461b85d\" data-element_type=\"column\">\n\t\t\t<div class=\"elementor-widget-wrap elementor-element-populated\">\n\t\t\t\t\t\t<div class=\"elementor-element elementor-element-f786177 elementor-widget elementor-widget-image\" data-id=\"f786177\" data-element_type=\"widget\" data-widget_type=\"image.default\">\n\t\t\t\t<div class=\"elementor-widget-container\">\n\t\t\t\t\t\t\t\t\t\t\t\t\t\t\t<img decoding=\"async\" width=\"1024\" height=\"401\" src=\"http:\/\/www.yildizendustri.com.tr\/wp-content\/uploads\/2023\/01\/Rasper-1200-Teknik-Cizim-1024x401.png\" class=\"attachment-large size-large wp-image-7359\" alt=\"\" srcset=\"http:\/\/www.yildizendustri.com.tr\/wp-content\/uploads\/2023\/01\/Rasper-1200-Teknik-Cizim-1024x401.png 1024w, http:\/\/www.yildizendustri.com.tr\/wp-content\/uploads\/2023\/01\/Rasper-1200-Teknik-Cizim-300x117.png 300w, http:\/\/www.yildizendustri.com.tr\/wp-content\/uploads\/2023\/01\/Rasper-1200-Teknik-Cizim-768x301.png 768w, http:\/\/www.yildizendustri.com.tr\/wp-content\/uploads\/2023\/01\/Rasper-1200-Teknik-Cizim-1536x601.png 1536w, http:\/\/www.yildizendustri.com.tr\/wp-content\/uploads\/2023\/01\/Rasper-1200-Teknik-Cizim-2048x802.png 2048w\" sizes=\"(max-width: 1024px) 100vw, 1024px\" \/>\t\t\t\t\t\t\t\t\t\t\t\t\t\t\t<\/div>\n\t\t\t\t<\/div>\n\t\t\t\t\t<\/div>\n\t\t<\/div>\n\t\t\t\t\t<\/div>\n\t\t<\/section>\n\t\t\t\t<section class=\"elementor-section elementor-top-section elementor-element elementor-element-e5f65fe elementor-section-full_width animated-fast elementor-section-height-default elementor-section-height-default elementor-invisible\" data-id=\"e5f65fe\" data-element_type=\"section\" data-settings=\"{&quot;animation&quot;:&quot;rotateIn&quot;}\">\n\t\t\t\t\t\t<div class=\"elementor-container elementor-column-gap-default\">\n\t\t\t\t\t<div class=\"elementor-column elementor-col-100 elementor-top-column elementor-element elementor-element-2f0cd10\" data-id=\"2f0cd10\" data-element_type=\"column\">\n\t\t\t<div class=\"elementor-widget-wrap elementor-element-populated\">\n\t\t\t\t\t\t<div class=\"elementor-element elementor-element-36f435f elementor-widget elementor-widget-image\" data-id=\"36f435f\" data-element_type=\"widget\" data-widget_type=\"image.default\">\n\t\t\t\t<div class=\"elementor-widget-container\">\n\t\t\t\t\t\t\t\t\t\t\t\t\t\t\t<img loading=\"lazy\" decoding=\"async\" width=\"1024\" height=\"115\" src=\"http:\/\/www.yildizendustri.com.tr\/wp-content\/uploads\/2023\/01\/ara-bosluk-logo-1024x115.png\" class=\"attachment-large size-large wp-image-6994\" alt=\"\" srcset=\"http:\/\/www.yildizendustri.com.tr\/wp-content\/uploads\/2023\/01\/ara-bosluk-logo-1024x115.png 1024w, http:\/\/www.yildizendustri.com.tr\/wp-content\/uploads\/2023\/01\/ara-bosluk-logo-300x34.png 300w, http:\/\/www.yildizendustri.com.tr\/wp-content\/uploads\/2023\/01\/ara-bosluk-logo-768x86.png 768w, http:\/\/www.yildizendustri.com.tr\/wp-content\/uploads\/2023\/01\/ara-bosluk-logo-1536x172.png 1536w, http:\/\/www.yildizendustri.com.tr\/wp-content\/uploads\/2023\/01\/ara-bosluk-logo.png 1636w\" sizes=\"(max-width: 1024px) 100vw, 1024px\" \/>\t\t\t\t\t\t\t\t\t\t\t\t\t\t\t<\/div>\n\t\t\t\t<\/div>\n\t\t\t\t\t<\/div>\n\t\t<\/div>\n\t\t\t\t\t<\/div>\n\t\t<\/section>\n\t\t\t\t<section class=\"elementor-section elementor-top-section elementor-element elementor-element-cbed0fa animated-slow elementor-section-boxed elementor-section-height-default elementor-section-height-default elementor-invisible\" data-id=\"cbed0fa\" data-element_type=\"section\" data-settings=\"{&quot;animation&quot;:&quot;bounceInUp&quot;}\">\n\t\t\t\t\t\t<div class=\"elementor-container elementor-column-gap-default\">\n\t\t\t\t\t<div class=\"elementor-column elementor-col-100 elementor-top-column elementor-element elementor-element-0369989\" data-id=\"0369989\" data-element_type=\"column\">\n\t\t\t<div class=\"elementor-widget-wrap elementor-element-populated\">\n\t\t\t\t\t\t<div class=\"elementor-element elementor-element-1bdac09 elementor-widget elementor-widget-image\" data-id=\"1bdac09\" data-element_type=\"widget\" data-widget_type=\"image.default\">\n\t\t\t\t<div class=\"elementor-widget-container\">\n\t\t\t\t\t\t\t\t\t\t\t\t\t\t\t<img loading=\"lazy\" decoding=\"async\" width=\"1024\" height=\"501\" src=\"http:\/\/www.yildizendustri.com.tr\/wp-content\/uploads\/2023\/01\/Rasper-1200-Teknik-Tablo-1024x501.png\" class=\"attachment-large size-large wp-image-7360\" alt=\"\" srcset=\"http:\/\/www.yildizendustri.com.tr\/wp-content\/uploads\/2023\/01\/Rasper-1200-Teknik-Tablo-1024x501.png 1024w, http:\/\/www.yildizendustri.com.tr\/wp-content\/uploads\/2023\/01\/Rasper-1200-Teknik-Tablo-300x147.png 300w, http:\/\/www.yildizendustri.com.tr\/wp-content\/uploads\/2023\/01\/Rasper-1200-Teknik-Tablo-768x376.png 768w, http:\/\/www.yildizendustri.com.tr\/wp-content\/uploads\/2023\/01\/Rasper-1200-Teknik-Tablo-1536x751.png 1536w, http:\/\/www.yildizendustri.com.tr\/wp-content\/uploads\/2023\/01\/Rasper-1200-Teknik-Tablo-2048x1001.png 2048w\" sizes=\"(max-width: 1024px) 100vw, 1024px\" \/>\t\t\t\t\t\t\t\t\t\t\t\t\t\t\t<\/div>\n\t\t\t\t<\/div>\n\t\t\t\t\t<\/div>\n\t\t<\/div>\n\t\t\t\t\t<\/div>\n\t\t<\/section>\n\t\t\t\t<section class=\"elementor-section elementor-top-section elementor-element elementor-element-a276d2b elementor-section-full_width elementor-section-stretched elementor-section-height-default elementor-section-height-default elementor-invisible\" data-id=\"a276d2b\" data-element_type=\"section\" data-settings=\"{&quot;stretch_section&quot;:&quot;section-stretched&quot;,&quot;animation&quot;:&quot;zoomIn&quot;,&quot;animation_delay&quot;:900}\">\n\t\t\t\t\t\t<div class=\"elementor-container elementor-column-gap-default\">\n\t\t\t\t\t<div class=\"elementor-column elementor-col-100 elementor-top-column elementor-element elementor-element-b881b34\" data-id=\"b881b34\" data-element_type=\"column\">\n\t\t\t<div class=\"elementor-widget-wrap elementor-element-populated\">\n\t\t\t\t\t\t<div class=\"elementor-element elementor-element-4e18aa9 elementor-widget-divider--separator-type-pattern elementor-widget-divider--view-line elementor-widget elementor-widget-divider\" data-id=\"4e18aa9\" data-element_type=\"widget\" data-widget_type=\"divider.default\">\n\t\t\t\t<div class=\"elementor-widget-container\">\n\t\t\t\t\t\t\t<div class=\"elementor-divider\" style=\"--divider-pattern-url: url(&quot;data:image\/svg+xml,%3Csvg xmlns=&#039;http:\/\/www.w3.org\/2000\/svg&#039; preserveAspectRatio=&#039;none&#039; overflow=&#039;visible&#039; height=&#039;100%&#039; viewBox=&#039;0 0 20 16&#039; fill=&#039;none&#039; stroke=&#039;black&#039; stroke-width=&#039;1&#039; stroke-linecap=&#039;square&#039; stroke-miterlimit=&#039;10&#039;%3E%3Cg transform=&#039;translate(-12.000000, 0)&#039;%3E%3Cpath d=&#039;M28,0L10,18&#039;\/%3E%3Cpath d=&#039;M18,0L0,18&#039;\/%3E%3Cpath d=&#039;M48,0L30,18&#039;\/%3E%3Cpath d=&#039;M38,0L20,18&#039;\/%3E%3C\/g%3E%3C\/svg%3E&quot;);\">\n\t\t\t<span class=\"elementor-divider-separator\">\n\t\t\t\t\t\t<\/span>\n\t\t<\/div>\n\t\t\t\t\t\t<\/div>\n\t\t\t\t<\/div>\n\t\t\t\t\t<\/div>\n\t\t<\/div>\n\t\t\t\t\t<\/div>\n\t\t<\/section>\n\t\t\t\t<section class=\"elementor-section elementor-top-section elementor-element elementor-element-ea98de5 elementor-section-stretched animated-slow elementor-section-boxed elementor-section-height-default elementor-section-height-default elementor-invisible\" data-id=\"ea98de5\" data-element_type=\"section\" data-settings=\"{&quot;stretch_section&quot;:&quot;section-stretched&quot;,&quot;animation&quot;:&quot;fadeInUp&quot;,&quot;background_background&quot;:&quot;classic&quot;,&quot;shape_divider_top&quot;:&quot;triangle-asymmetrical&quot;}\">\n\t\t\t\t\t<div class=\"elementor-shape elementor-shape-top\" aria-hidden=\"true\" data-negative=\"false\">\n\t\t\t<svg xmlns=\"http:\/\/www.w3.org\/2000\/svg\" viewBox=\"0 0 1000 100\" preserveAspectRatio=\"none\">\n\t<path class=\"elementor-shape-fill\" d=\"M738,99l262-93V0H0v5.6L738,99z\"\/>\n<\/svg>\t\t<\/div>\n\t\t\t\t\t<div class=\"elementor-container elementor-column-gap-default\">\n\t\t\t\t\t<div class=\"elementor-column elementor-col-100 elementor-top-column elementor-element elementor-element-48ba710\" data-id=\"48ba710\" data-element_type=\"column\">\n\t\t\t<div class=\"elementor-widget-wrap elementor-element-populated\">\n\t\t\t\t\t\t<div class=\"elementor-element elementor-element-c60326f elementor-widget elementor-widget-gallery\" data-id=\"c60326f\" data-element_type=\"widget\" data-settings=\"{&quot;columns&quot;:3,&quot;gap&quot;:{&quot;unit&quot;:&quot;px&quot;,&quot;size&quot;:12,&quot;sizes&quot;:[]},&quot;image_hover_animation&quot;:&quot;grow&quot;,&quot;lazyload&quot;:&quot;yes&quot;,&quot;gallery_layout&quot;:&quot;grid&quot;,&quot;columns_tablet&quot;:2,&quot;columns_mobile&quot;:1,&quot;gap_tablet&quot;:{&quot;unit&quot;:&quot;px&quot;,&quot;size&quot;:10,&quot;sizes&quot;:[]},&quot;gap_mobile&quot;:{&quot;unit&quot;:&quot;px&quot;,&quot;size&quot;:10,&quot;sizes&quot;:[]},&quot;link_to&quot;:&quot;file&quot;,&quot;aspect_ratio&quot;:&quot;3:2&quot;,&quot;overlay_background&quot;:&quot;yes&quot;,&quot;content_hover_animation&quot;:&quot;fade-in&quot;}\" data-widget_type=\"gallery.default\">\n\t\t\t\t<div class=\"elementor-widget-container\">\n\t\t\t\t\t\t\t<div class=\"elementor-gallery__container\">\n\t\t\t\t\t\t\t<a class=\"e-gallery-item elementor-gallery-item elementor-animated-content\" href=\"http:\/\/www.yildizendustri.com.tr\/wp-content\/uploads\/2023\/02\/Rasper-1200-2000px.jpg\" data-elementor-open-lightbox=\"yes\" data-elementor-lightbox-slideshow=\"all-c60326f\" data-elementor-lightbox-title=\"Rasper 1200 -2000px\" data-e-action-hash=\"#elementor-action%3Aaction%3Dlightbox%26settings%3DeyJpZCI6OTA1NCwidXJsIjoiaHR0cDpcL1wvd3d3LnlpbGRpemVuZHVzdHJpLmNvbS50clwvd3AtY29udGVudFwvdXBsb2Fkc1wvMjAyM1wvMDJcL1Jhc3Blci0xMjAwLTIwMDBweC5qcGciLCJzbGlkZXNob3ciOiJhbGwtYzYwMzI2ZiJ9\">\n\t\t\t\t\t<div class=\"e-gallery-image elementor-gallery-item__image\" data-thumbnail=\"http:\/\/www.yildizendustri.com.tr\/wp-content\/uploads\/2023\/02\/Rasper-1200-2000px-280x300.jpg\" data-width=\"280\" data-height=\"300\" alt=\"\" ><\/div>\n\t\t\t\t\t\t\t\t\t\t<div class=\"elementor-gallery-item__overlay\"><\/div>\n\t\t\t\t\t\t\t\t\t\t\t\t\t\t<\/a>\n\t\t\t\t\t\t\t<a class=\"e-gallery-item elementor-gallery-item elementor-animated-content\" href=\"http:\/\/www.yildizendustri.com.tr\/wp-content\/uploads\/2023\/02\/Rasper-1200-2000px-2.jpg\" data-elementor-open-lightbox=\"yes\" data-elementor-lightbox-slideshow=\"all-c60326f\" data-elementor-lightbox-title=\"Rasper 1200 -2000px 2\" data-e-action-hash=\"#elementor-action%3Aaction%3Dlightbox%26settings%3DeyJpZCI6OTA1OCwidXJsIjoiaHR0cDpcL1wvd3d3LnlpbGRpemVuZHVzdHJpLmNvbS50clwvd3AtY29udGVudFwvdXBsb2Fkc1wvMjAyM1wvMDJcL1Jhc3Blci0xMjAwLTIwMDBweC0yLmpwZyIsInNsaWRlc2hvdyI6ImFsbC1jNjAzMjZmIn0%3D\">\n\t\t\t\t\t<div class=\"e-gallery-image elementor-gallery-item__image\" data-thumbnail=\"http:\/\/www.yildizendustri.com.tr\/wp-content\/uploads\/2023\/02\/Rasper-1200-2000px-2-280x300.jpg\" data-width=\"280\" data-height=\"300\" alt=\"\" ><\/div>\n\t\t\t\t\t\t\t\t\t\t<div class=\"elementor-gallery-item__overlay\"><\/div>\n\t\t\t\t\t\t\t\t\t\t\t\t\t\t<\/a>\n\t\t\t\t\t<\/div>\n\t\t\t\t\t<\/div>\n\t\t\t\t<\/div>\n\t\t\t\t\t<\/div>\n\t\t<\/div>\n\t\t\t\t\t<\/div>\n\t\t<\/section>\n\t\t\t\t<\/div>\n\t\t","protected":false},"excerpt":{"rendered":"<p>RASPER RS-1200-1600 Serisi Multi-purpose \/ Heavy Duty Machines Rasper RS-1200-RS-1600 Serisi, A\u011f\u0131r hizmet tipi k\u0131rma makinesi Y\u0131ld\u0131z Rasper 1200 a\u011f\u0131r i\u015flerde kullan\u0131lan, \u00e7ok ama\u00e7l\u0131 \u00f6\u011f\u00fct\u00fcc\u00fcd\u00fcr. A\u015f\u0131r\u0131 y\u00fck korumas\u0131 \u00e7al\u0131\u015fma verimini art\u0131r\u0131r. Basit aktar\u0131m i\u00e7in kay\u0131\u015f tahriklidir. Ayarlanabilir b\u0131\u00e7ak a\u00e7\u0131kl\u0131\u011f\u0131, kesme i\u015flevini optimize eder. \u00a0&#8220;D\u00fcz yatakl\u0131&#8221; yerle\u015fim b\u0131\u00e7ak \u00f6mr\u00fcn\u00fc uzat\u0131r, bak\u0131m onar\u0131m maliyetlerinden tasarruf sa\u011flar. B\u0131\u00e7ak [&hellip;]<\/p>\n","protected":false},"author":1,"featured_media":0,"parent":0,"menu_order":0,"comment_status":"closed","ping_status":"closed","template":"elementor_header_footer","meta":{"footnotes":""},"class_list":["post-7333","page","type-page","status-publish","hentry"],"_links":{"self":[{"href":"http:\/\/www.yildizendustri.com.tr\/index.php?rest_route=\/wp\/v2\/pages\/7333","targetHints":{"allow":["GET"]}}],"collection":[{"href":"http:\/\/www.yildizendustri.com.tr\/index.php?rest_route=\/wp\/v2\/pages"}],"about":[{"href":"http:\/\/www.yildizendustri.com.tr\/index.php?rest_route=\/wp\/v2\/types\/page"}],"author":[{"embeddable":true,"href":"http:\/\/www.yildizendustri.com.tr\/index.php?rest_route=\/wp\/v2\/users\/1"}],"replies":[{"embeddable":true,"href":"http:\/\/www.yildizendustri.com.tr\/index.php?rest_route=%2Fwp%2Fv2%2Fcomments&post=7333"}],"version-history":[{"count":146,"href":"http:\/\/www.yildizendustri.com.tr\/index.php?rest_route=\/wp\/v2\/pages\/7333\/revisions"}],"predecessor-version":[{"id":10387,"href":"http:\/\/www.yildizendustri.com.tr\/index.php?rest_route=\/wp\/v2\/pages\/7333\/revisions\/10387"}],"wp:attachment":[{"href":"http:\/\/www.yildizendustri.com.tr\/index.php?rest_route=%2Fwp%2Fv2%2Fmedia&parent=7333"}],"curies":[{"name":"wp","href":"https:\/\/api.w.org\/{rel}","templated":true}]}}