{"id":9091,"date":"2023-03-25T06:08:01","date_gmt":"2023-03-25T06:08:01","guid":{"rendered":"http:\/\/www.yildizendustri.com.tr\/?page_id=9091"},"modified":"2024-05-22T07:31:54","modified_gmt":"2024-05-22T07:31:54","slug":"about-us","status":"publish","type":"page","link":"http:\/\/www.yildizendustri.com.tr\/?page_id=9091&lang=en","title":{"rendered":"ABOUT US"},"content":{"rendered":"\t\t<div data-elementor-type=\"wp-page\" data-elementor-id=\"9091\" class=\"elementor elementor-9091\">\n\t\t\t\t\t\t<section class=\"elementor-section elementor-top-section elementor-element elementor-element-fbd5a4e elementor-section-height-min-height elementor-section-boxed elementor-section-height-default elementor-section-items-middle\" data-id=\"fbd5a4e\" data-element_type=\"section\" data-settings=\"{&quot;background_background&quot;:&quot;classic&quot;}\">\n\t\t\t\t\t\t\t<div class=\"elementor-background-overlay\"><\/div>\n\t\t\t\t\t\t\t<div class=\"elementor-container elementor-column-gap-wide\">\n\t\t\t\t\t<div class=\"elementor-column elementor-col-100 elementor-top-column elementor-element elementor-element-d59e72c animated-slow elementor-invisible\" data-id=\"d59e72c\" data-element_type=\"column\" data-settings=\"{&quot;animation&quot;:&quot;fadeInUp&quot;,&quot;motion_fx_motion_fx_scrolling&quot;:&quot;yes&quot;,&quot;motion_fx_translateY_effect&quot;:&quot;yes&quot;,&quot;motion_fx_translateY_direction&quot;:&quot;negative&quot;,&quot;motion_fx_translateY_speed&quot;:{&quot;unit&quot;:&quot;px&quot;,&quot;size&quot;:5.5,&quot;sizes&quot;:[]},&quot;motion_fx_translateY_affectedRange&quot;:{&quot;unit&quot;:&quot;%&quot;,&quot;size&quot;:&quot;&quot;,&quot;sizes&quot;:{&quot;start&quot;:26,&quot;end&quot;:99}},&quot;motion_fx_devices&quot;:[&quot;desktop&quot;,&quot;tablet&quot;,&quot;mobile&quot;]}\">\n\t\t\t<div class=\"elementor-widget-wrap elementor-element-populated\">\n\t\t\t\t\t\t<div class=\"elementor-element elementor-element-faac8f1 elementor-widget elementor-widget-text-editor\" data-id=\"faac8f1\" data-element_type=\"widget\" data-widget_type=\"text-editor.default\">\n\t\t\t\t<div class=\"elementor-widget-container\">\n\t\t\t\t\t\t\t\t\t<p style=\"text-align: center;\"><span style=\"font-family: impact, sans-serif; color: #e1eef5; font-size: 24pt;\">YILDIZ INDUSTRY<\/span><\/p>\t\t\t\t\t\t\t\t<\/div>\n\t\t\t\t<\/div>\n\t\t\t\t\t<\/div>\n\t\t<\/div>\n\t\t\t\t\t<\/div>\n\t\t<\/section>\n\t\t\t\t<section class=\"elementor-section elementor-top-section elementor-element elementor-element-d5b863e elementor-section-height-min-height elementor-section-stretched elementor-section-boxed elementor-section-height-default elementor-section-items-middle elementor-invisible\" data-id=\"d5b863e\" data-element_type=\"section\" data-settings=\"{&quot;animation&quot;:&quot;fadeInDown&quot;,&quot;background_background&quot;:&quot;gradient&quot;,&quot;stretch_section&quot;:&quot;section-stretched&quot;}\">\n\t\t\t\t\t\t<div class=\"elementor-container elementor-column-gap-default\">\n\t\t\t\t\t<div class=\"elementor-column elementor-col-100 elementor-top-column elementor-element elementor-element-27b7022\" data-id=\"27b7022\" data-element_type=\"column\">\n\t\t\t<div class=\"elementor-widget-wrap elementor-element-populated\">\n\t\t\t\t\t\t<div class=\"elementor-element elementor-element-a9c9589 animated-slow elementor-invisible elementor-widget elementor-widget-heading\" data-id=\"a9c9589\" data-element_type=\"widget\" data-settings=\"{&quot;_animation&quot;:&quot;fadeInRight&quot;}\" data-widget_type=\"heading.default\">\n\t\t\t\t<div class=\"elementor-widget-container\">\n\t\t\t\t\t<h1 class=\"elementor-heading-title elementor-size-default\">From yesterday to today \/ Y\u0131ld\u0131z Industry<\/h1>\t\t\t\t<\/div>\n\t\t\t\t<\/div>\n\t\t\t\t\t<\/div>\n\t\t<\/div>\n\t\t\t\t\t<\/div>\n\t\t<\/section>\n\t\t\t\t<section class=\"elementor-section elementor-top-section elementor-element elementor-element-5465352 elementor-section-stretched elementor-section-boxed elementor-section-height-default elementor-section-height-default elementor-invisible\" data-id=\"5465352\" data-element_type=\"section\" data-settings=\"{&quot;animation&quot;:&quot;fadeInUp&quot;,&quot;stretch_section&quot;:&quot;section-stretched&quot;}\">\n\t\t\t\t\t\t<div class=\"elementor-container elementor-column-gap-default\">\n\t\t\t\t\t<div class=\"elementor-column elementor-col-100 elementor-top-column elementor-element elementor-element-cf0d0bb\" data-id=\"cf0d0bb\" data-element_type=\"column\">\n\t\t\t<div class=\"elementor-widget-wrap elementor-element-populated\">\n\t\t\t\t\t\t<div class=\"elementor-element elementor-element-071e212 elementor-widget elementor-widget-text-editor\" data-id=\"071e212\" data-element_type=\"widget\" data-widget_type=\"text-editor.default\">\n\t\t\t\t<div class=\"elementor-widget-container\">\n\t\t\t\t\t\t\t\t\t<p><span style=\"font-family: impact, sans-serif; font-size: 24pt; color: #ff6600;\"><strong><span style=\"color: #003366;\"> ABOUT US <\/span><\/strong><\/span><\/p>\t\t\t\t\t\t\t\t<\/div>\n\t\t\t\t<\/div>\n\t\t\t\t\t<\/div>\n\t\t<\/div>\n\t\t\t\t\t<\/div>\n\t\t<\/section>\n\t\t\t\t<section class=\"elementor-section elementor-top-section elementor-element elementor-element-ebea0c7 elementor-section-stretched elementor-section-boxed elementor-section-height-default elementor-section-height-default elementor-invisible\" data-id=\"ebea0c7\" data-element_type=\"section\" data-settings=\"{&quot;animation&quot;:&quot;fadeInUp&quot;,&quot;stretch_section&quot;:&quot;section-stretched&quot;}\">\n\t\t\t\t\t\t<div class=\"elementor-container elementor-column-gap-default\">\n\t\t\t\t\t<div class=\"elementor-column elementor-col-100 elementor-top-column elementor-element elementor-element-d0e1ac2\" data-id=\"d0e1ac2\" data-element_type=\"column\">\n\t\t\t<div class=\"elementor-widget-wrap elementor-element-populated\">\n\t\t\t\t\t\t<div class=\"elementor-element elementor-element-29e6eff elementor-widget elementor-widget-text-editor\" data-id=\"29e6eff\" data-element_type=\"widget\" data-widget_type=\"text-editor.default\">\n\t\t\t\t<div class=\"elementor-widget-container\">\n\t\t\t\t\t\t\t\t\t<p style=\"text-align: justify;\"><font face=\"helvetica, arial, sans-serif\"><b>Y\u0131ld\u0131z End\u00fcstri entered the heavy industry sector with machining in 2010. In 2012, Y\u0131ld\u0131z End\u00fcstri became a pioneer in the production of tyre and WEEE recycling machines and gained an important position in this field. Since 2018, the company has continued to manufacture machines in a new production facility with an area of 3000m\u00b2.<\/b><\/font><\/p><p style=\"text-align: justify;\"><font face=\"helvetica, arial, sans-serif\"><b><br><\/b><\/font><\/p><p style=\"text-align: justify;\"><font face=\"helvetica, arial, sans-serif\"><b>Y\u0131ld\u0131z End\u00fcstri, with its 1500m\u00b2 machining area and 1500m\u00b2 CNC machine park, produces all the machine parts it needs within its own structure. In this way, we are able to fully control our production processes and offer the highest quality to our customers.<\/b><\/font><\/p><p style=\"text-align: justify;\"><font face=\"helvetica, arial, sans-serif\"><b><br><\/b><\/font><\/p><p style=\"text-align: justify;\"><font face=\"helvetica, arial, sans-serif\"><b>Aiming to provide environmentally friendly and practical solutions in the recycling sector through our innovation and R&amp;D efforts, Y\u0131ld\u0131z End\u00fcstri establishes tyre recycling and HLW recycling plants on a turnkey basis in Turkey and abroad. With our strong infrastructure and innovative vision, we are taking firm steps towards our goal of becoming a global company.<\/b><\/font><\/p><p style=\"text-align: justify;\"><font face=\"helvetica, arial, sans-serif\"><b><br><\/b><\/font><\/p><p style=\"text-align: justify;\"><font face=\"helvetica, arial, sans-serif\"><b>In 2020, we incorporated Orbay Plastik Kau\u00e7uk into our company and we continue our R&amp;D activities in this facility with the aim of both production and global quality production. In this way, we will be able to offer our customers a wider range of products and strengthen our position in the sector.<\/b><\/font><\/p><p style=\"text-align: justify;\"><font face=\"helvetica, arial, sans-serif\"><b><br><\/b><\/font><\/p><p style=\"text-align: justify;\"><font face=\"helvetica, arial, sans-serif\"><b>As Y\u0131ld\u0131z End\u00fcstri, we are constantly working to provide the best solutions to our customers with our advanced technology equipment and expert staff. We continue to set industry standards with our environmentally friendly production processes and sustainability principles.<\/b><\/font><\/p>\t\t\t\t\t\t\t\t<\/div>\n\t\t\t\t<\/div>\n\t\t\t\t\t<\/div>\n\t\t<\/div>\n\t\t\t\t\t<\/div>\n\t\t<\/section>\n\t\t\t\t<section class=\"elementor-section elementor-top-section elementor-element elementor-element-9b569e1 elementor-section-full_width animated-fast elementor-section-height-default elementor-section-height-default elementor-invisible\" data-id=\"9b569e1\" data-element_type=\"section\" data-settings=\"{&quot;animation&quot;:&quot;rotateIn&quot;}\">\n\t\t\t\t\t\t<div class=\"elementor-container elementor-column-gap-default\">\n\t\t\t\t\t<div class=\"elementor-column elementor-col-100 elementor-top-column elementor-element elementor-element-8bb98d0\" data-id=\"8bb98d0\" data-element_type=\"column\">\n\t\t\t<div class=\"elementor-widget-wrap elementor-element-populated\">\n\t\t\t\t\t\t<div class=\"elementor-element elementor-element-973ffbd elementor-widget elementor-widget-image\" data-id=\"973ffbd\" data-element_type=\"widget\" data-widget_type=\"image.default\">\n\t\t\t\t<div class=\"elementor-widget-container\">\n\t\t\t\t\t\t\t\t\t\t\t\t\t\t\t<img fetchpriority=\"high\" decoding=\"async\" width=\"1024\" height=\"115\" src=\"http:\/\/www.yildizendustri.com.tr\/wp-content\/uploads\/2023\/01\/ara-bosluk-logo-1024x115.png\" class=\"attachment-large size-large wp-image-6994\" alt=\"\" srcset=\"http:\/\/www.yildizendustri.com.tr\/wp-content\/uploads\/2023\/01\/ara-bosluk-logo-1024x115.png 1024w, http:\/\/www.yildizendustri.com.tr\/wp-content\/uploads\/2023\/01\/ara-bosluk-logo-300x34.png 300w, http:\/\/www.yildizendustri.com.tr\/wp-content\/uploads\/2023\/01\/ara-bosluk-logo-768x86.png 768w, http:\/\/www.yildizendustri.com.tr\/wp-content\/uploads\/2023\/01\/ara-bosluk-logo-1536x172.png 1536w, http:\/\/www.yildizendustri.com.tr\/wp-content\/uploads\/2023\/01\/ara-bosluk-logo.png 1636w\" sizes=\"(max-width: 1024px) 100vw, 1024px\" \/>\t\t\t\t\t\t\t\t\t\t\t\t\t\t\t<\/div>\n\t\t\t\t<\/div>\n\t\t\t\t\t<\/div>\n\t\t<\/div>\n\t\t\t\t\t<\/div>\n\t\t<\/section>\n\t\t\t\t<section class=\"elementor-section elementor-top-section elementor-element elementor-element-a91a349 elementor-section-full_width elementor-section-stretched elementor-section-height-default elementor-section-height-default elementor-invisible\" data-id=\"a91a349\" data-element_type=\"section\" data-settings=\"{&quot;stretch_section&quot;:&quot;section-stretched&quot;,&quot;animation&quot;:&quot;zoomIn&quot;,&quot;animation_delay&quot;:900}\">\n\t\t\t\t\t\t<div class=\"elementor-container elementor-column-gap-default\">\n\t\t\t\t\t<div class=\"elementor-column elementor-col-100 elementor-top-column elementor-element elementor-element-f9a6d1f\" data-id=\"f9a6d1f\" data-element_type=\"column\">\n\t\t\t<div class=\"elementor-widget-wrap elementor-element-populated\">\n\t\t\t\t\t\t<div class=\"elementor-element elementor-element-0de7ecb elementor-widget-divider--separator-type-pattern elementor-widget-divider--view-line elementor-widget elementor-widget-divider\" data-id=\"0de7ecb\" data-element_type=\"widget\" data-widget_type=\"divider.default\">\n\t\t\t\t<div class=\"elementor-widget-container\">\n\t\t\t\t\t\t\t<div class=\"elementor-divider\" style=\"--divider-pattern-url: url(&quot;data:image\/svg+xml,%3Csvg xmlns=&#039;http:\/\/www.w3.org\/2000\/svg&#039; preserveAspectRatio=&#039;none&#039; overflow=&#039;visible&#039; height=&#039;100%&#039; viewBox=&#039;0 0 20 16&#039; fill=&#039;none&#039; stroke=&#039;black&#039; stroke-width=&#039;1&#039; stroke-linecap=&#039;square&#039; stroke-miterlimit=&#039;10&#039;%3E%3Cg transform=&#039;translate(-12.000000, 0)&#039;%3E%3Cpath d=&#039;M28,0L10,18&#039;\/%3E%3Cpath d=&#039;M18,0L0,18&#039;\/%3E%3Cpath d=&#039;M48,0L30,18&#039;\/%3E%3Cpath d=&#039;M38,0L20,18&#039;\/%3E%3C\/g%3E%3C\/svg%3E&quot;);\">\n\t\t\t<span class=\"elementor-divider-separator\">\n\t\t\t\t\t\t<\/span>\n\t\t<\/div>\n\t\t\t\t\t\t<\/div>\n\t\t\t\t<\/div>\n\t\t\t\t\t<\/div>\n\t\t<\/div>\n\t\t\t\t\t<\/div>\n\t\t<\/section>\n\t\t\t\t<section class=\"elementor-section elementor-top-section elementor-element elementor-element-0b54648 elementor-section-stretched elementor-section-boxed elementor-section-height-default elementor-section-height-default elementor-invisible\" data-id=\"0b54648\" data-element_type=\"section\" data-settings=\"{&quot;stretch_section&quot;:&quot;section-stretched&quot;,&quot;animation&quot;:&quot;fadeIn&quot;,&quot;background_background&quot;:&quot;classic&quot;,&quot;shape_divider_top&quot;:&quot;triangle-asymmetrical&quot;}\">\n\t\t\t\t\t<div class=\"elementor-shape elementor-shape-top\" aria-hidden=\"true\" data-negative=\"false\">\n\t\t\t<svg xmlns=\"http:\/\/www.w3.org\/2000\/svg\" viewBox=\"0 0 1000 100\" preserveAspectRatio=\"none\">\n\t<path class=\"elementor-shape-fill\" d=\"M738,99l262-93V0H0v5.6L738,99z\"\/>\n<\/svg>\t\t<\/div>\n\t\t\t\t\t<div class=\"elementor-container elementor-column-gap-default\">\n\t\t\t\t\t<div class=\"elementor-column elementor-col-100 elementor-top-column elementor-element elementor-element-769a1c9\" data-id=\"769a1c9\" data-element_type=\"column\">\n\t\t\t<div class=\"elementor-widget-wrap elementor-element-populated\">\n\t\t\t\t\t\t<div class=\"elementor-element elementor-element-562d5a4 elementor-widget elementor-widget-gallery\" data-id=\"562d5a4\" data-element_type=\"widget\" data-settings=\"{&quot;columns&quot;:3,&quot;gap&quot;:{&quot;unit&quot;:&quot;px&quot;,&quot;size&quot;:2,&quot;sizes&quot;:[]},&quot;lazyload&quot;:&quot;yes&quot;,&quot;gallery_layout&quot;:&quot;grid&quot;,&quot;columns_tablet&quot;:2,&quot;columns_mobile&quot;:1,&quot;gap_tablet&quot;:{&quot;unit&quot;:&quot;px&quot;,&quot;size&quot;:10,&quot;sizes&quot;:[]},&quot;gap_mobile&quot;:{&quot;unit&quot;:&quot;px&quot;,&quot;size&quot;:10,&quot;sizes&quot;:[]},&quot;link_to&quot;:&quot;file&quot;,&quot;aspect_ratio&quot;:&quot;3:2&quot;,&quot;overlay_background&quot;:&quot;yes&quot;,&quot;content_hover_animation&quot;:&quot;fade-in&quot;}\" data-widget_type=\"gallery.default\">\n\t\t\t\t<div class=\"elementor-widget-container\">\n\t\t\t\t\t\t\t<div class=\"elementor-gallery__container\">\n\t\t\t\t\t\t\t<a class=\"e-gallery-item elementor-gallery-item elementor-animated-content\" href=\"http:\/\/www.yildizendustri.com.tr\/wp-content\/uploads\/2023\/01\/Iyildiz-kendustri1-1-scaled.jpg\" data-elementor-open-lightbox=\"yes\" data-elementor-lightbox-slideshow=\"all-562d5a4\" data-elementor-lightbox-title=\"Iy\u0131ld\u0131z kend\u00fcstri1\" data-e-action-hash=\"#elementor-action%3Aaction%3Dlightbox%26settings%3DeyJpZCI6Njg5MywidXJsIjoiaHR0cDpcL1wvd3d3LnlpbGRpemVuZHVzdHJpLmNvbS50clwvd3AtY29udGVudFwvdXBsb2Fkc1wvMjAyM1wvMDFcL0l5aWxkaXota2VuZHVzdHJpMS0xLXNjYWxlZC5qcGciLCJzbGlkZXNob3ciOiJhbGwtNTYyZDVhNCJ9\">\n\t\t\t\t\t<div class=\"e-gallery-image elementor-gallery-item__image\" data-thumbnail=\"http:\/\/www.yildizendustri.com.tr\/wp-content\/uploads\/2023\/01\/Iyildiz-kendustri1-1-300x225.jpg\" data-width=\"300\" data-height=\"225\" alt=\"\" ><\/div>\n\t\t\t\t\t\t\t\t\t\t<div class=\"elementor-gallery-item__overlay\"><\/div>\n\t\t\t\t\t\t\t\t\t\t\t\t\t\t<\/a>\n\t\t\t\t\t\t\t<a class=\"e-gallery-item elementor-gallery-item elementor-animated-content\" href=\"http:\/\/www.yildizendustri.com.tr\/wp-content\/uploads\/2023\/01\/yildiz-endustri-scaled.jpg\" data-elementor-open-lightbox=\"yes\" data-elementor-lightbox-slideshow=\"all-562d5a4\" data-elementor-lightbox-title=\"y\u0131ld\u0131z-endustri\" data-e-action-hash=\"#elementor-action%3Aaction%3Dlightbox%26settings%3DeyJpZCI6Njg5MiwidXJsIjoiaHR0cDpcL1wvd3d3LnlpbGRpemVuZHVzdHJpLmNvbS50clwvd3AtY29udGVudFwvdXBsb2Fkc1wvMjAyM1wvMDFcL3lpbGRpei1lbmR1c3RyaS1zY2FsZWQuanBnIiwic2xpZGVzaG93IjoiYWxsLTU2MmQ1YTQifQ%3D%3D\">\n\t\t\t\t\t<div class=\"e-gallery-image elementor-gallery-item__image\" data-thumbnail=\"http:\/\/www.yildizendustri.com.tr\/wp-content\/uploads\/2023\/01\/yildiz-endustri-300x225.jpg\" data-width=\"300\" data-height=\"225\" alt=\"Y\u0131ld\u0131z 18\u201d-36\u201d Lastik Kesme Presi\" ><\/div>\n\t\t\t\t\t\t\t\t\t\t<div class=\"elementor-gallery-item__overlay\"><\/div>\n\t\t\t\t\t\t\t\t\t\t\t\t\t\t<\/a>\n\t\t\t\t\t\t\t<a class=\"e-gallery-item elementor-gallery-item elementor-animated-content\" href=\"http:\/\/www.yildizendustri.com.tr\/wp-content\/uploads\/2023\/01\/yildiz-endustri3-scaled.jpg\" data-elementor-open-lightbox=\"yes\" data-elementor-lightbox-slideshow=\"all-562d5a4\" data-elementor-lightbox-title=\"y\u0131ld\u0131z-endustri3\" data-e-action-hash=\"#elementor-action%3Aaction%3Dlightbox%26settings%3DeyJpZCI6Njg5MSwidXJsIjoiaHR0cDpcL1wvd3d3LnlpbGRpemVuZHVzdHJpLmNvbS50clwvd3AtY29udGVudFwvdXBsb2Fkc1wvMjAyM1wvMDFcL3lpbGRpei1lbmR1c3RyaTMtc2NhbGVkLmpwZyIsInNsaWRlc2hvdyI6ImFsbC01NjJkNWE0In0%3D\">\n\t\t\t\t\t<div class=\"e-gallery-image elementor-gallery-item__image\" data-thumbnail=\"http:\/\/www.yildizendustri.com.tr\/wp-content\/uploads\/2023\/01\/yildiz-endustri3-300x225.jpg\" data-width=\"300\" data-height=\"225\" alt=\"\" ><\/div>\n\t\t\t\t\t\t\t\t\t\t<div class=\"elementor-gallery-item__overlay\"><\/div>\n\t\t\t\t\t\t\t\t\t\t\t\t\t\t<\/a>\n\t\t\t\t\t\t\t<a class=\"e-gallery-item elementor-gallery-item elementor-animated-content\" href=\"http:\/\/www.yildizendustri.com.tr\/wp-content\/uploads\/2023\/01\/Yildiz-endustri-balyalama-presi-scaled.jpg\" data-elementor-open-lightbox=\"yes\" data-elementor-lightbox-slideshow=\"all-562d5a4\" data-elementor-lightbox-title=\"Y\u0131ld\u0131z-end\u00fcstri-balyalama-presi\" data-e-action-hash=\"#elementor-action%3Aaction%3Dlightbox%26settings%3DeyJpZCI6NjUzMywidXJsIjoiaHR0cDpcL1wvd3d3LnlpbGRpemVuZHVzdHJpLmNvbS50clwvd3AtY29udGVudFwvdXBsb2Fkc1wvMjAyM1wvMDFcL1lpbGRpei1lbmR1c3RyaS1iYWx5YWxhbWEtcHJlc2ktc2NhbGVkLmpwZyIsInNsaWRlc2hvdyI6ImFsbC01NjJkNWE0In0%3D\">\n\t\t\t\t\t<div class=\"e-gallery-image elementor-gallery-item__image\" data-thumbnail=\"http:\/\/www.yildizendustri.com.tr\/wp-content\/uploads\/2023\/01\/Yildiz-endustri-balyalama-presi-300x225.jpg\" data-width=\"300\" data-height=\"225\" alt=\"\" ><\/div>\n\t\t\t\t\t\t\t\t\t\t<div class=\"elementor-gallery-item__overlay\"><\/div>\n\t\t\t\t\t\t\t\t\t\t\t\t\t\t<\/a>\n\t\t\t\t\t\t\t<a class=\"e-gallery-item elementor-gallery-item elementor-animated-content\" href=\"http:\/\/www.yildizendustri.com.tr\/wp-content\/uploads\/2023\/01\/Yildiz-Lastik-Parcalama-Tesisleri-scaled.jpg\" data-elementor-open-lightbox=\"yes\" data-elementor-lightbox-slideshow=\"all-562d5a4\" data-elementor-lightbox-title=\"Y\u0131ld\u0131z-Lastik-Par\u00e7alama-Tesisleri\" data-e-action-hash=\"#elementor-action%3Aaction%3Dlightbox%26settings%3DeyJpZCI6NjY3MSwidXJsIjoiaHR0cDpcL1wvd3d3LnlpbGRpemVuZHVzdHJpLmNvbS50clwvd3AtY29udGVudFwvdXBsb2Fkc1wvMjAyM1wvMDFcL1lpbGRpei1MYXN0aWstUGFyY2FsYW1hLVRlc2lzbGVyaS1zY2FsZWQuanBnIiwic2xpZGVzaG93IjoiYWxsLTU2MmQ1YTQifQ%3D%3D\">\n\t\t\t\t\t<div class=\"e-gallery-image elementor-gallery-item__image\" data-thumbnail=\"http:\/\/www.yildizendustri.com.tr\/wp-content\/uploads\/2023\/01\/Yildiz-Lastik-Parcalama-Tesisleri-300x169.jpg\" data-width=\"300\" data-height=\"169\" alt=\"\" ><\/div>\n\t\t\t\t\t\t\t\t\t\t<div class=\"elementor-gallery-item__overlay\"><\/div>\n\t\t\t\t\t\t\t\t\t\t\t\t\t\t<\/a>\n\t\t\t\t\t\t\t<a class=\"e-gallery-item elementor-gallery-item elementor-animated-content\" href=\"http:\/\/www.yildizendustri.com.tr\/wp-content\/uploads\/2023\/01\/yildiz-balyalama-presi-zmn-scaled.jpg\" data-elementor-open-lightbox=\"yes\" data-elementor-lightbox-slideshow=\"all-562d5a4\" data-elementor-lightbox-title=\"yildiz-balyalama-presi-zmn\" data-e-action-hash=\"#elementor-action%3Aaction%3Dlightbox%26settings%3DeyJpZCI6NjYxMSwidXJsIjoiaHR0cDpcL1wvd3d3LnlpbGRpemVuZHVzdHJpLmNvbS50clwvd3AtY29udGVudFwvdXBsb2Fkc1wvMjAyM1wvMDFcL3lpbGRpei1iYWx5YWxhbWEtcHJlc2ktem1uLXNjYWxlZC5qcGciLCJzbGlkZXNob3ciOiJhbGwtNTYyZDVhNCJ9\">\n\t\t\t\t\t<div class=\"e-gallery-image elementor-gallery-item__image\" data-thumbnail=\"http:\/\/www.yildizendustri.com.tr\/wp-content\/uploads\/2023\/01\/yildiz-balyalama-presi-zmn-300x225.jpg\" data-width=\"300\" data-height=\"225\" alt=\"\" ><\/div>\n\t\t\t\t\t\t\t\t\t\t<div class=\"elementor-gallery-item__overlay\"><\/div>\n\t\t\t\t\t\t\t\t\t\t\t\t\t\t<\/a>\n\t\t\t\t\t\t\t<a class=\"e-gallery-item elementor-gallery-item elementor-animated-content\" href=\"http:\/\/www.yildizendustri.com.tr\/wp-content\/uploads\/2023\/01\/yildiz-balyalama-zmn-scaled.jpg\" data-elementor-open-lightbox=\"yes\" data-elementor-lightbox-slideshow=\"all-562d5a4\" data-elementor-lightbox-title=\"yildiz-balyalama-zmn\" data-e-action-hash=\"#elementor-action%3Aaction%3Dlightbox%26settings%3DeyJpZCI6NjU5MSwidXJsIjoiaHR0cDpcL1wvd3d3LnlpbGRpemVuZHVzdHJpLmNvbS50clwvd3AtY29udGVudFwvdXBsb2Fkc1wvMjAyM1wvMDFcL3lpbGRpei1iYWx5YWxhbWEtem1uLXNjYWxlZC5qcGciLCJzbGlkZXNob3ciOiJhbGwtNTYyZDVhNCJ9\">\n\t\t\t\t\t<div class=\"e-gallery-image elementor-gallery-item__image\" data-thumbnail=\"http:\/\/www.yildizendustri.com.tr\/wp-content\/uploads\/2023\/01\/yildiz-balyalama-zmn-300x169.jpg\" data-width=\"300\" data-height=\"169\" alt=\"\" ><\/div>\n\t\t\t\t\t\t\t\t\t\t<div class=\"elementor-gallery-item__overlay\"><\/div>\n\t\t\t\t\t\t\t\t\t\t\t\t\t\t<\/a>\n\t\t\t\t\t<\/div>\n\t\t\t\t\t<\/div>\n\t\t\t\t<\/div>\n\t\t\t\t\t<\/div>\n\t\t<\/div>\n\t\t\t\t\t<\/div>\n\t\t<\/section>\n\t\t\t\t<\/div>\n\t\t","protected":false},"excerpt":{"rendered":"<p>YILDIZ INDUSTRY From yesterday to today \/ Y\u0131ld\u0131z Industry ABOUT US Y\u0131ld\u0131z End\u00fcstri entered the heavy industry sector with machining in 2010. In 2012, Y\u0131ld\u0131z End\u00fcstri became a pioneer in the production of tyre and WEEE recycling machines and gained an important position in this field. Since 2018, the company has continued to manufacture machines [&hellip;]<\/p>\n","protected":false},"author":1,"featured_media":0,"parent":0,"menu_order":0,"comment_status":"closed","ping_status":"closed","template":"elementor_header_footer","meta":{"footnotes":""},"class_list":["post-9091","page","type-page","status-publish","hentry"],"_links":{"self":[{"href":"http:\/\/www.yildizendustri.com.tr\/index.php?rest_route=\/wp\/v2\/pages\/9091","targetHints":{"allow":["GET"]}}],"collection":[{"href":"http:\/\/www.yildizendustri.com.tr\/index.php?rest_route=\/wp\/v2\/pages"}],"about":[{"href":"http:\/\/www.yildizendustri.com.tr\/index.php?rest_route=\/wp\/v2\/types\/page"}],"author":[{"embeddable":true,"href":"http:\/\/www.yildizendustri.com.tr\/index.php?rest_route=\/wp\/v2\/users\/1"}],"replies":[{"embeddable":true,"href":"http:\/\/www.yildizendustri.com.tr\/index.php?rest_route=%2Fwp%2Fv2%2Fcomments&post=9091"}],"version-history":[{"count":47,"href":"http:\/\/www.yildizendustri.com.tr\/index.php?rest_route=\/wp\/v2\/pages\/9091\/revisions"}],"predecessor-version":[{"id":10371,"href":"http:\/\/www.yildizendustri.com.tr\/index.php?rest_route=\/wp\/v2\/pages\/9091\/revisions\/10371"}],"wp:attachment":[{"href":"http:\/\/www.yildizendustri.com.tr\/index.php?rest_route=%2Fwp%2Fv2%2Fmedia&parent=9091"}],"curies":[{"name":"wp","href":"https:\/\/api.w.org\/{rel}","templated":true}]}}